{"id":6388,"date":"2024-06-28T17:34:25","date_gmt":"2024-06-28T15:34:25","guid":{"rendered":"https:\/\/neuchatelrando.ch\/?page_id=6388"},"modified":"2024-07-26T09:21:13","modified_gmt":"2024-07-26T07:21:13","slug":"newsletter-de-neuchatel-rando","status":"publish","type":"page","link":"https:\/\/neuchatelrando.ch\/fr\/newsletter-de-neuchatel-rando\/","title":{"rendered":"Newsletter"},"content":{"rendered":"[vc_row type=\u00a0\u00bbin_container\u00a0\u00bb full_screen_row_position=\u00a0\u00bbmiddle\u00a0\u00bb column_margin=\u00a0\u00bbdefault\u00a0\u00bb column_direction=\u00a0\u00bbdefault\u00a0\u00bb column_direction_tablet=\u00a0\u00bbdefault\u00a0\u00bb column_direction_phone=\u00a0\u00bbdefault\u00a0\u00bb scene_position=\u00a0\u00bbcenter\u00a0\u00bb text_color=\u00a0\u00bbdark\u00a0\u00bb text_align=\u00a0\u00bbleft\u00a0\u00bb row_border_radius=\u00a0\u00bbnone\u00a0\u00bb row_border_radius_applies=\u00a0\u00bbbg\u00a0\u00bb overflow=\u00a0\u00bbvisible\u00a0\u00bb overlay_strength=\u00a0\u00bb0.3&Prime; gradient_direction=\u00a0\u00bbleft_to_right\u00a0\u00bb shape_divider_position=\u00a0\u00bbbottom\u00a0\u00bb bg_image_animation=\u00a0\u00bbnone\u00a0\u00bb][vc_column column_padding=\u00a0\u00bbno-extra-padding\u00a0\u00bb column_padding_tablet=\u00a0\u00bbinherit\u00a0\u00bb column_padding_phone=\u00a0\u00bbinherit\u00a0\u00bb column_padding_position=\u00a0\u00bball\u00a0\u00bb column_element_direction_desktop=\u00a0\u00bbdefault\u00a0\u00bb column_element_spacing=\u00a0\u00bbdefault\u00a0\u00bb desktop_text_alignment=\u00a0\u00bbdefault\u00a0\u00bb tablet_text_alignment=\u00a0\u00bbdefault\u00a0\u00bb phone_text_alignment=\u00a0\u00bbdefault\u00a0\u00bb background_color_opacity=\u00a0\u00bb1&Prime; background_hover_color_opacity=\u00a0\u00bb1&Prime; column_backdrop_filter=\u00a0\u00bbnone\u00a0\u00bb column_shadow=\u00a0\u00bbnone\u00a0\u00bb column_border_radius=\u00a0\u00bbnone\u00a0\u00bb column_link_target=\u00a0\u00bb_self\u00a0\u00bb column_position=\u00a0\u00bbdefault\u00a0\u00bb gradient_direction=\u00a0\u00bbleft_to_right\u00a0\u00bb overlay_strength=\u00a0\u00bb0.3&Prime; width=\u00a0\u00bb1\/1&Prime; tablet_width_inherit=\u00a0\u00bbdefault\u00a0\u00bb animation_type=\u00a0\u00bbdefault\u00a0\u00bb bg_image_animation=\u00a0\u00bbnone\u00a0\u00bb border_type=\u00a0\u00bbsimple\u00a0\u00bb column_border_width=\u00a0\u00bbnone\u00a0\u00bb column_border_style=\u00a0\u00bbsolid\u00a0\u00bb][vc_custom_heading source=\u00a0\u00bbpost_title\u00a0\u00bb font_container=\u00a0\u00bbtag:h1|text_align:center\u00a0\u00bb use_theme_fonts=\u00a0\u00bbyes\u00a0\u00bb css=\u00a0\u00bb\u00a0\u00bb][vc_column_text css=\u00a0\u00bb\u00a0\u00bb text_direction=\u00a0\u00bbdefault\u00a0\u00bb]Pour ne rien manquer des actualit\u00e9s de notre association et des randonn\u00e9es dans le Pays de Neuch\u00e2tel, inscrivez-vous \u00e0 notre newsletter en remplissant le formulaire ci-dessous.[\/vc_column_text][\/vc_column][\/vc_row][vc_row type=\u00a0\u00bbin_container\u00a0\u00bb full_screen_row_position=\u00a0\u00bbmiddle\u00a0\u00bb column_margin=\u00a0\u00bbdefault\u00a0\u00bb column_direction=\u00a0\u00bbdefault\u00a0\u00bb column_direction_tablet=\u00a0\u00bbdefault\u00a0\u00bb column_direction_phone=\u00a0\u00bbdefault\u00a0\u00bb scene_position=\u00a0\u00bbcenter\u00a0\u00bb text_color=\u00a0\u00bbdark\u00a0\u00bb text_align=\u00a0\u00bbleft\u00a0\u00bb row_border_radius=\u00a0\u00bbnone\u00a0\u00bb row_border_radius_applies=\u00a0\u00bbbg\u00a0\u00bb overflow=\u00a0\u00bbvisible\u00a0\u00bb overlay_strength=\u00a0\u00bb0.3&Prime; gradient_direction=\u00a0\u00bbleft_to_right\u00a0\u00bb shape_divider_position=\u00a0\u00bbbottom\u00a0\u00bb bg_image_animation=\u00a0\u00bbnone\u00a0\u00bb][vc_column column_padding=\u00a0\u00bbno-extra-padding\u00a0\u00bb column_padding_tablet=\u00a0\u00bbinherit\u00a0\u00bb column_padding_phone=\u00a0\u00bbinherit\u00a0\u00bb column_padding_position=\u00a0\u00bball\u00a0\u00bb column_element_direction_desktop=\u00a0\u00bbdefault\u00a0\u00bb column_element_spacing=\u00a0\u00bbdefault\u00a0\u00bb desktop_text_alignment=\u00a0\u00bbdefault\u00a0\u00bb tablet_text_alignment=\u00a0\u00bbdefault\u00a0\u00bb phone_text_alignment=\u00a0\u00bbdefault\u00a0\u00bb background_color_opacity=\u00a0\u00bb1&Prime; background_hover_color_opacity=\u00a0\u00bb1&Prime; column_backdrop_filter=\u00a0\u00bbnone\u00a0\u00bb column_shadow=\u00a0\u00bbnone\u00a0\u00bb column_border_radius=\u00a0\u00bbnone\u00a0\u00bb column_link_target=\u00a0\u00bb_self\u00a0\u00bb column_position=\u00a0\u00bbdefault\u00a0\u00bb gradient_direction=\u00a0\u00bbleft_to_right\u00a0\u00bb overlay_strength=\u00a0\u00bb0.3&Prime; width=\u00a0\u00bb1\/1&Prime; tablet_width_inherit=\u00a0\u00bbdefault\u00a0\u00bb animation_type=\u00a0\u00bbdefault\u00a0\u00bb bg_image_animation=\u00a0\u00bbnone\u00a0\u00bb border_type=\u00a0\u00bbsimple\u00a0\u00bb column_border_width=\u00a0\u00bbnone\u00a0\u00bb column_border_style=\u00a0\u00bbsolid\u00a0\u00bb][vc_raw_js]JTNDc2NyaXB0JTIwdHlwZSUzRCUyMnRleHQlMkZqYXZhc2NyaXB0JTIyJTIwc3JjJTNEJTIyaHR0cHMlM0ElMkYlMkZ3ZWJmb3JtLnN0YXRzbGl2ZS5pbmZvJTJGb3clMkZleUpwZGlJNklsVlFUMWxaU0hwa1JVNXZjamMzWmpkSGJFVnBaR1puWW1Wa1dtZDFhVVUyWmpGYWFtcDRTbkJxWm1zOUlpd2liV0ZqSWpvaU1qZGxZekl6TW1Nd1pqWTVOVFF6WVdObVptSTBNV1V4TkRBelpESXlNVGRtTmpNME1ETmtOV1kxWmpSbU9XRTBabUZsT0RBMk5tUTJNREl5Wm1FeU15SXNJblpoYkhWbElqb2lRMjlrTkZVeVF6ZEZNWFYyUWxWd2RIQXpWRUoxZFhOeFRWRXhiRWswWkVwT2FWd3Zka3haV1VOTlVGRTlJbjAlM0QlMjIlM0UlM0NzcGFuJTIwZGF0YS1tY2UtdHlwZSUzRCUyMmJvb2ttYXJrJTIyJTIwc3R5bGUlM0QlMjJkaXNwbGF5JTNBJTIwaW5saW5lLWJsb2NrJTNCJTIwd2lkdGglM0ElMjAwcHglM0IlMjBvdmVyZmxvdyUzQSUyMGhpZGRlbiUzQiUyMGxpbmUtaGVpZ2h0JTNBJTIwMCUzQiUyMiUyMGNsYXNzJTNEJTIybWNlX1NFTFJFU19zdGFydCUyMiUzRSUzQyUyRnNwYW4lM0UlM0MlMkZzY3JpcHQlM0U=[\/vc_raw_js][\/vc_column][\/vc_row]\n","protected":false},"excerpt":{"rendered":"<p>[vc_row type=\u00a0\u00bbin_container\u00a0\u00bb full_screen_row_position=\u00a0\u00bbmiddle\u00a0\u00bb column_margin=\u00a0\u00bbdefault\u00a0\u00bb column_direction=\u00a0\u00bbdefault\u00a0\u00bb column_direction_tablet=\u00a0\u00bbdefault\u00a0\u00bb column_direction_phone=\u00a0\u00bbdefault\u00a0\u00bb scene_position=\u00a0\u00bbcenter\u00a0\u00bb text_color=\u00a0\u00bbdark\u00a0\u00bb text_align=\u00a0\u00bbleft\u00a0\u00bb row_border_radius=\u00a0\u00bbnone\u00a0\u00bb row_border_radius_applies=\u00a0\u00bbbg\u00a0\u00bb overflow=\u00a0\u00bbvisible\u00a0\u00bb overlay_strength=\u00a0\u00bb0.3&Prime; gradient_direction=\u00a0\u00bbleft_to_right\u00a0\u00bb shape_divider_position=\u00a0\u00bbbottom\u00a0\u00bb bg_image_animation=\u00a0\u00bbnone\u00a0\u00bb][vc_column column_padding=\u00a0\u00bbno-extra-padding\u00a0\u00bb column_padding_tablet=\u00a0\u00bbinherit\u00a0\u00bb column_padding_phone=\u00a0\u00bbinherit\u00a0\u00bb column_padding_position=\u00a0\u00bball\u00a0\u00bb column_element_direction_desktop=\u00a0\u00bbdefault\u00a0\u00bb column_element_spacing=\u00a0\u00bbdefault\u00a0\u00bb desktop_text_alignment=\u00a0\u00bbdefault\u00a0\u00bb tablet_text_alignment=\u00a0\u00bbdefault\u00a0\u00bb phone_text_alignment=\u00a0\u00bbdefault\u00a0\u00bb background_color_opacity=\u00a0\u00bb1&Prime; background_hover_color_opacity=\u00a0\u00bb1&Prime; column_backdrop_filter=\u00a0\u00bbnone\u00a0\u00bb column_shadow=\u00a0\u00bbnone\u00a0\u00bb&#8230;<\/p>\n","protected":false},"author":10,"featured_media":0,"parent":0,"menu_order":0,"comment_status":"closed","ping_status":"closed","template":"","meta":{"_acf_changed":false,"footnotes":""},"wf_page_folders":[],"class_list":["post-6388","page","type-page","status-publish"],"acf":[],"yoast_head":"<!-- This site is optimized with the Yoast SEO plugin v27.6 - https:\/\/yoast.com\/product\/yoast-seo-wordpress\/ -->\n<title>Newsletter - Neuch\u00e2tel Rando<\/title>\n<meta name=\"robots\" content=\"index, follow, max-snippet:-1, max-image-preview:large, max-video-preview:-1\" \/>\n<link rel=\"canonical\" href=\"https:\/\/neuchatelrando.ch\/fr\/newsletter-de-neuchatel-rando\/\" \/>\n<meta property=\"og:locale\" content=\"fr_FR\" \/>\n<meta property=\"og:type\" content=\"article\" \/>\n<meta property=\"og:title\" content=\"Newsletter - Neuch\u00e2tel Rando\" \/>\n<meta property=\"og:description\" content=\"[vc_row type=\u00a0\u00bbin_container\u00a0\u00bb full_screen_row_position=\u00a0\u00bbmiddle\u00a0\u00bb column_margin=\u00a0\u00bbdefault\u00a0\u00bb column_direction=\u00a0\u00bbdefault\u00a0\u00bb column_direction_tablet=\u00a0\u00bbdefault\u00a0\u00bb column_direction_phone=\u00a0\u00bbdefault\u00a0\u00bb scene_position=\u00a0\u00bbcenter\u00a0\u00bb text_color=\u00a0\u00bbdark\u00a0\u00bb text_align=\u00a0\u00bbleft\u00a0\u00bb row_border_radius=\u00a0\u00bbnone\u00a0\u00bb row_border_radius_applies=\u00a0\u00bbbg\u00a0\u00bb overflow=\u00a0\u00bbvisible\u00a0\u00bb overlay_strength=\u00a0\u00bb0.3&Prime; gradient_direction=\u00a0\u00bbleft_to_right\u00a0\u00bb shape_divider_position=\u00a0\u00bbbottom\u00a0\u00bb bg_image_animation=\u00a0\u00bbnone\u00a0\u00bb][vc_column column_padding=\u00a0\u00bbno-extra-padding\u00a0\u00bb column_padding_tablet=\u00a0\u00bbinherit\u00a0\u00bb column_padding_phone=\u00a0\u00bbinherit\u00a0\u00bb column_padding_position=\u00a0\u00bball\u00a0\u00bb column_element_direction_desktop=\u00a0\u00bbdefault\u00a0\u00bb column_element_spacing=\u00a0\u00bbdefault\u00a0\u00bb desktop_text_alignment=\u00a0\u00bbdefault\u00a0\u00bb tablet_text_alignment=\u00a0\u00bbdefault\u00a0\u00bb phone_text_alignment=\u00a0\u00bbdefault\u00a0\u00bb background_color_opacity=\u00a0\u00bb1&Prime; background_hover_color_opacity=\u00a0\u00bb1&Prime; column_backdrop_filter=\u00a0\u00bbnone\u00a0\u00bb column_shadow=\u00a0\u00bbnone\u00a0\u00bb...\" \/>\n<meta property=\"og:url\" content=\"https:\/\/neuchatelrando.ch\/fr\/newsletter-de-neuchatel-rando\/\" \/>\n<meta property=\"og:site_name\" content=\"Neuch\u00e2tel Rando\" \/>\n<meta property=\"article:publisher\" content=\"https:\/\/www.facebook.com\/NeuchatelRando\/\" \/>\n<meta property=\"article:modified_time\" content=\"2024-07-26T07:21:13+00:00\" \/>\n<meta name=\"twitter:card\" content=\"summary_large_image\" \/>\n<meta name=\"twitter:label1\" content=\"Dur\u00e9e de lecture estim\u00e9e\" \/>\n\t<meta name=\"twitter:data1\" content=\"1 minute\" \/>\n<script type=\"application\/ld+json\" class=\"yoast-schema-graph\">{\"@context\":\"https:\\\/\\\/schema.org\",\"@graph\":[{\"@type\":\"WebPage\",\"@id\":\"https:\\\/\\\/neuchatelrando.ch\\\/fr\\\/newsletter-de-neuchatel-rando\\\/\",\"url\":\"https:\\\/\\\/neuchatelrando.ch\\\/fr\\\/newsletter-de-neuchatel-rando\\\/\",\"name\":\"Newsletter - Neuch\u00e2tel Rando\",\"isPartOf\":{\"@id\":\"https:\\\/\\\/neuchatelrando.ch\\\/fr\\\/#website\"},\"datePublished\":\"2024-06-28T15:34:25+00:00\",\"dateModified\":\"2024-07-26T07:21:13+00:00\",\"breadcrumb\":{\"@id\":\"https:\\\/\\\/neuchatelrando.ch\\\/fr\\\/newsletter-de-neuchatel-rando\\\/#breadcrumb\"},\"inLanguage\":\"fr-FR\",\"potentialAction\":[{\"@type\":\"ReadAction\",\"target\":[\"https:\\\/\\\/neuchatelrando.ch\\\/fr\\\/newsletter-de-neuchatel-rando\\\/\"]}]},{\"@type\":\"BreadcrumbList\",\"@id\":\"https:\\\/\\\/neuchatelrando.ch\\\/fr\\\/newsletter-de-neuchatel-rando\\\/#breadcrumb\",\"itemListElement\":[{\"@type\":\"ListItem\",\"position\":1,\"name\":\"Accueil\",\"item\":\"https:\\\/\\\/neuchatelrando.ch\\\/fr\\\/\"},{\"@type\":\"ListItem\",\"position\":2,\"name\":\"Newsletter\"}]},{\"@type\":\"WebSite\",\"@id\":\"https:\\\/\\\/neuchatelrando.ch\\\/fr\\\/#website\",\"url\":\"https:\\\/\\\/neuchatelrando.ch\\\/fr\\\/\",\"name\":\"Neuch\u00e2tel Rando\",\"description\":\"Randonn\u00e9es p\u00e9destres en Pays de Neuch\u00e2tel\",\"publisher\":{\"@id\":\"https:\\\/\\\/neuchatelrando.ch\\\/fr\\\/#organization\"},\"potentialAction\":[{\"@type\":\"SearchAction\",\"target\":{\"@type\":\"EntryPoint\",\"urlTemplate\":\"https:\\\/\\\/neuchatelrando.ch\\\/fr\\\/?s={search_term_string}\"},\"query-input\":{\"@type\":\"PropertyValueSpecification\",\"valueRequired\":true,\"valueName\":\"search_term_string\"}}],\"inLanguage\":\"fr-FR\"},{\"@type\":\"Organization\",\"@id\":\"https:\\\/\\\/neuchatelrando.ch\\\/fr\\\/#organization\",\"name\":\"Neuch\u00e2tel Rando\",\"url\":\"https:\\\/\\\/neuchatelrando.ch\\\/fr\\\/\",\"logo\":{\"@type\":\"ImageObject\",\"inLanguage\":\"fr-FR\",\"@id\":\"https:\\\/\\\/neuchatelrando.ch\\\/fr\\\/#\\\/schema\\\/logo\\\/image\\\/\",\"url\":\"https:\\\/\\\/neuchatelrando.ch\\\/wp-content\\\/uploads\\\/2020\\\/02\\\/neuchatelrando-logo.svg\",\"contentUrl\":\"https:\\\/\\\/neuchatelrando.ch\\\/wp-content\\\/uploads\\\/2020\\\/02\\\/neuchatelrando-logo.svg\",\"width\":1,\"height\":1,\"caption\":\"Neuch\u00e2tel Rando\"},\"image\":{\"@id\":\"https:\\\/\\\/neuchatelrando.ch\\\/fr\\\/#\\\/schema\\\/logo\\\/image\\\/\"},\"sameAs\":[\"https:\\\/\\\/www.facebook.com\\\/NeuchatelRando\\\/\",\"https:\\\/\\\/www.instagram.com\\\/neuchatel.rando\\\/\"]}]}<\/script>\n<!-- \/ Yoast SEO plugin. -->","yoast_head_json":{"title":"Newsletter - Neuch\u00e2tel Rando","robots":{"index":"index","follow":"follow","max-snippet":"max-snippet:-1","max-image-preview":"max-image-preview:large","max-video-preview":"max-video-preview:-1"},"canonical":"https:\/\/neuchatelrando.ch\/fr\/newsletter-de-neuchatel-rando\/","og_locale":"fr_FR","og_type":"article","og_title":"Newsletter - Neuch\u00e2tel Rando","og_description":"[vc_row type=\u00a0\u00bbin_container\u00a0\u00bb full_screen_row_position=\u00a0\u00bbmiddle\u00a0\u00bb column_margin=\u00a0\u00bbdefault\u00a0\u00bb column_direction=\u00a0\u00bbdefault\u00a0\u00bb column_direction_tablet=\u00a0\u00bbdefault\u00a0\u00bb column_direction_phone=\u00a0\u00bbdefault\u00a0\u00bb scene_position=\u00a0\u00bbcenter\u00a0\u00bb text_color=\u00a0\u00bbdark\u00a0\u00bb text_align=\u00a0\u00bbleft\u00a0\u00bb row_border_radius=\u00a0\u00bbnone\u00a0\u00bb row_border_radius_applies=\u00a0\u00bbbg\u00a0\u00bb overflow=\u00a0\u00bbvisible\u00a0\u00bb overlay_strength=\u00a0\u00bb0.3&Prime; gradient_direction=\u00a0\u00bbleft_to_right\u00a0\u00bb shape_divider_position=\u00a0\u00bbbottom\u00a0\u00bb bg_image_animation=\u00a0\u00bbnone\u00a0\u00bb][vc_column column_padding=\u00a0\u00bbno-extra-padding\u00a0\u00bb column_padding_tablet=\u00a0\u00bbinherit\u00a0\u00bb column_padding_phone=\u00a0\u00bbinherit\u00a0\u00bb column_padding_position=\u00a0\u00bball\u00a0\u00bb column_element_direction_desktop=\u00a0\u00bbdefault\u00a0\u00bb column_element_spacing=\u00a0\u00bbdefault\u00a0\u00bb desktop_text_alignment=\u00a0\u00bbdefault\u00a0\u00bb tablet_text_alignment=\u00a0\u00bbdefault\u00a0\u00bb phone_text_alignment=\u00a0\u00bbdefault\u00a0\u00bb background_color_opacity=\u00a0\u00bb1&Prime; background_hover_color_opacity=\u00a0\u00bb1&Prime; column_backdrop_filter=\u00a0\u00bbnone\u00a0\u00bb column_shadow=\u00a0\u00bbnone\u00a0\u00bb...","og_url":"https:\/\/neuchatelrando.ch\/fr\/newsletter-de-neuchatel-rando\/","og_site_name":"Neuch\u00e2tel Rando","article_publisher":"https:\/\/www.facebook.com\/NeuchatelRando\/","article_modified_time":"2024-07-26T07:21:13+00:00","twitter_card":"summary_large_image","twitter_misc":{"Dur\u00e9e de lecture estim\u00e9e":"1 minute"},"schema":{"@context":"https:\/\/schema.org","@graph":[{"@type":"WebPage","@id":"https:\/\/neuchatelrando.ch\/fr\/newsletter-de-neuchatel-rando\/","url":"https:\/\/neuchatelrando.ch\/fr\/newsletter-de-neuchatel-rando\/","name":"Newsletter - Neuch\u00e2tel Rando","isPartOf":{"@id":"https:\/\/neuchatelrando.ch\/fr\/#website"},"datePublished":"2024-06-28T15:34:25+00:00","dateModified":"2024-07-26T07:21:13+00:00","breadcrumb":{"@id":"https:\/\/neuchatelrando.ch\/fr\/newsletter-de-neuchatel-rando\/#breadcrumb"},"inLanguage":"fr-FR","potentialAction":[{"@type":"ReadAction","target":["https:\/\/neuchatelrando.ch\/fr\/newsletter-de-neuchatel-rando\/"]}]},{"@type":"BreadcrumbList","@id":"https:\/\/neuchatelrando.ch\/fr\/newsletter-de-neuchatel-rando\/#breadcrumb","itemListElement":[{"@type":"ListItem","position":1,"name":"Accueil","item":"https:\/\/neuchatelrando.ch\/fr\/"},{"@type":"ListItem","position":2,"name":"Newsletter"}]},{"@type":"WebSite","@id":"https:\/\/neuchatelrando.ch\/fr\/#website","url":"https:\/\/neuchatelrando.ch\/fr\/","name":"Neuch\u00e2tel Rando","description":"Randonn\u00e9es p\u00e9destres en Pays de Neuch\u00e2tel","publisher":{"@id":"https:\/\/neuchatelrando.ch\/fr\/#organization"},"potentialAction":[{"@type":"SearchAction","target":{"@type":"EntryPoint","urlTemplate":"https:\/\/neuchatelrando.ch\/fr\/?s={search_term_string}"},"query-input":{"@type":"PropertyValueSpecification","valueRequired":true,"valueName":"search_term_string"}}],"inLanguage":"fr-FR"},{"@type":"Organization","@id":"https:\/\/neuchatelrando.ch\/fr\/#organization","name":"Neuch\u00e2tel Rando","url":"https:\/\/neuchatelrando.ch\/fr\/","logo":{"@type":"ImageObject","inLanguage":"fr-FR","@id":"https:\/\/neuchatelrando.ch\/fr\/#\/schema\/logo\/image\/","url":"https:\/\/neuchatelrando.ch\/wp-content\/uploads\/2020\/02\/neuchatelrando-logo.svg","contentUrl":"https:\/\/neuchatelrando.ch\/wp-content\/uploads\/2020\/02\/neuchatelrando-logo.svg","width":1,"height":1,"caption":"Neuch\u00e2tel Rando"},"image":{"@id":"https:\/\/neuchatelrando.ch\/fr\/#\/schema\/logo\/image\/"},"sameAs":["https:\/\/www.facebook.com\/NeuchatelRando\/","https:\/\/www.instagram.com\/neuchatel.rando\/"]}]}},"_links":{"self":[{"href":"https:\/\/neuchatelrando.ch\/fr\/wp-json\/wp\/v2\/pages\/6388","targetHints":{"allow":["GET"]}}],"collection":[{"href":"https:\/\/neuchatelrando.ch\/fr\/wp-json\/wp\/v2\/pages"}],"about":[{"href":"https:\/\/neuchatelrando.ch\/fr\/wp-json\/wp\/v2\/types\/page"}],"author":[{"embeddable":true,"href":"https:\/\/neuchatelrando.ch\/fr\/wp-json\/wp\/v2\/users\/10"}],"replies":[{"embeddable":true,"href":"https:\/\/neuchatelrando.ch\/fr\/wp-json\/wp\/v2\/comments?post=6388"}],"version-history":[{"count":5,"href":"https:\/\/neuchatelrando.ch\/fr\/wp-json\/wp\/v2\/pages\/6388\/revisions"}],"predecessor-version":[{"id":6489,"href":"https:\/\/neuchatelrando.ch\/fr\/wp-json\/wp\/v2\/pages\/6388\/revisions\/6489"}],"wp:attachment":[{"href":"https:\/\/neuchatelrando.ch\/fr\/wp-json\/wp\/v2\/media?parent=6388"}],"wp:term":[{"taxonomy":"wf_page_folders","embeddable":true,"href":"https:\/\/neuchatelrando.ch\/fr\/wp-json\/wp\/v2\/wf_page_folders?post=6388"}],"curies":[{"name":"wp","href":"https:\/\/api.w.org\/{rel}","templated":true}]}}