{"id":558,"date":"2020-02-04T14:00:01","date_gmt":"2020-02-04T13:00:01","guid":{"rendered":"https:\/\/www.neuchatelrando.ch\/?page_id=558"},"modified":"2026-03-18T17:19:02","modified_gmt":"2026-03-18T16:19:02","slug":"statuts-et-documents","status":"publish","type":"page","link":"https:\/\/neuchatelrando.ch\/fr\/statuts-et-documents\/","title":{"rendered":"Statuts et documents"},"content":{"rendered":"[vc_row type=\u00a0\u00bbfull_width_background\u00a0\u00bb full_screen_row_position=\u00a0\u00bbmiddle\u00a0\u00bb column_margin=\u00a0\u00bbdefault\u00a0\u00bb column_direction=\u00a0\u00bbdefault\u00a0\u00bb column_direction_tablet=\u00a0\u00bbdefault\u00a0\u00bb column_direction_phone=\u00a0\u00bbdefault\u00a0\u00bb bg_image=\u00a0\u00bb989&Prime; bg_image_type=\u00a0\u00bbdefault\u00a0\u00bb bg_position=\u00a0\u00bbcenter center\u00a0\u00bb background_image_loading=\u00a0\u00bbdefault\u00a0\u00bb bg_repeat=\u00a0\u00bbno-repeat\u00a0\u00bb scene_position=\u00a0\u00bbcenter\u00a0\u00bb top_padding=\u00a0\u00bb20%\u00a0\u00bb text_color=\u00a0\u00bbdark\u00a0\u00bb text_align=\u00a0\u00bbleft\u00a0\u00bb row_border_radius=\u00a0\u00bbnone\u00a0\u00bb row_border_radius_applies=\u00a0\u00bbbg\u00a0\u00bb row_position_desktop=\u00a0\u00bbdefault\u00a0\u00bb row_position_tablet=\u00a0\u00bbinherit\u00a0\u00bb row_position_phone=\u00a0\u00bbinherit\u00a0\u00bb overflow=\u00a0\u00bbvisible\u00a0\u00bb id=\u00a0\u00bbglobal-header\u00a0\u00bb overlay_strength=\u00a0\u00bb0.3&Prime; gradient_direction=\u00a0\u00bbleft_to_right\u00a0\u00bb shape_divider_position=\u00a0\u00bbbottom\u00a0\u00bb bg_image_animation=\u00a0\u00bbzoom-out-slow\u00a0\u00bb shape_type=\u00a0\u00bb\u00a0\u00bb][vc_column column_padding=\u00a0\u00bbno-extra-padding\u00a0\u00bb column_padding_tablet=\u00a0\u00bbinherit\u00a0\u00bb column_padding_phone=\u00a0\u00bbinherit\u00a0\u00bb column_padding_position=\u00a0\u00bball\u00a0\u00bb flex_gap_desktop=\u00a0\u00bb10px\u00a0\u00bb column_element_direction_desktop=\u00a0\u00bbdefault\u00a0\u00bb column_element_spacing=\u00a0\u00bbdefault\u00a0\u00bb desktop_text_alignment=\u00a0\u00bbdefault\u00a0\u00bb tablet_text_alignment=\u00a0\u00bbdefault\u00a0\u00bb phone_text_alignment=\u00a0\u00bbdefault\u00a0\u00bb background_color_opacity=\u00a0\u00bb1&Prime; background_hover_color_opacity=\u00a0\u00bb1&Prime; column_backdrop_filter=\u00a0\u00bbnone\u00a0\u00bb column_shadow=\u00a0\u00bbnone\u00a0\u00bb column_border_radius=\u00a0\u00bbnone\u00a0\u00bb column_link_target=\u00a0\u00bb_self\u00a0\u00bb column_position=\u00a0\u00bbdefault\u00a0\u00bb gradient_direction=\u00a0\u00bbleft_to_right\u00a0\u00bb overlay_strength=\u00a0\u00bb0.3&Prime; width=\u00a0\u00bb1\/1&Prime; tablet_width_inherit=\u00a0\u00bbdefault\u00a0\u00bb animation_type=\u00a0\u00bbdefault\u00a0\u00bb bg_image_animation=\u00a0\u00bbnone\u00a0\u00bb border_type=\u00a0\u00bbsimple\u00a0\u00bb column_border_width=\u00a0\u00bbnone\u00a0\u00bb column_border_style=\u00a0\u00bbsolid\u00a0\u00bb][vc_column_text][\/vc_column_text][vc_custom_heading source=\u00a0\u00bbpost_title\u00a0\u00bb font_container=\u00a0\u00bbtag:h1|text_align:center\u00a0\u00bb use_theme_fonts=\u00a0\u00bbyes\u00a0\u00bb][\/vc_column][\/vc_row][vc_row type=\u00a0\u00bbin_container\u00a0\u00bb full_screen_row_position=\u00a0\u00bbmiddle\u00a0\u00bb column_margin=\u00a0\u00bbdefault\u00a0\u00bb column_direction=\u00a0\u00bbdefault\u00a0\u00bb column_direction_tablet=\u00a0\u00bbdefault\u00a0\u00bb column_direction_phone=\u00a0\u00bbdefault\u00a0\u00bb scene_position=\u00a0\u00bbcenter\u00a0\u00bb top_padding=\u00a0\u00bb5%\u00a0\u00bb bottom_padding=\u00a0\u00bb2.5%\u00a0\u00bb text_color=\u00a0\u00bbdark\u00a0\u00bb text_align=\u00a0\u00bbleft\u00a0\u00bb row_border_radius=\u00a0\u00bbnone\u00a0\u00bb row_border_radius_applies=\u00a0\u00bbbg\u00a0\u00bb row_position_desktop=\u00a0\u00bbdefault\u00a0\u00bb row_position_tablet=\u00a0\u00bbinherit\u00a0\u00bb row_position_phone=\u00a0\u00bbinherit\u00a0\u00bb overflow=\u00a0\u00bbvisible\u00a0\u00bb overlay_strength=\u00a0\u00bb0.3&Prime; gradient_direction=\u00a0\u00bbleft_to_right\u00a0\u00bb shape_divider_position=\u00a0\u00bbbottom\u00a0\u00bb bg_image_animation=\u00a0\u00bbnone\u00a0\u00bb shape_type=\u00a0\u00bb\u00a0\u00bb][vc_column column_padding=\u00a0\u00bbno-extra-padding\u00a0\u00bb column_padding_tablet=\u00a0\u00bbinherit\u00a0\u00bb column_padding_phone=\u00a0\u00bbinherit\u00a0\u00bb column_padding_position=\u00a0\u00bball\u00a0\u00bb flex_gap_desktop=\u00a0\u00bb10px\u00a0\u00bb column_element_direction_desktop=\u00a0\u00bbdefault\u00a0\u00bb column_element_spacing=\u00a0\u00bbdefault\u00a0\u00bb desktop_text_alignment=\u00a0\u00bbdefault\u00a0\u00bb tablet_text_alignment=\u00a0\u00bbdefault\u00a0\u00bb phone_text_alignment=\u00a0\u00bbdefault\u00a0\u00bb background_color_opacity=\u00a0\u00bb1&Prime; background_hover_color_opacity=\u00a0\u00bb1&Prime; column_backdrop_filter=\u00a0\u00bbnone\u00a0\u00bb column_shadow=\u00a0\u00bbnone\u00a0\u00bb column_border_radius=\u00a0\u00bbnone\u00a0\u00bb column_link_target=\u00a0\u00bb_self\u00a0\u00bb column_position=\u00a0\u00bbdefault\u00a0\u00bb gradient_direction=\u00a0\u00bbleft_to_right\u00a0\u00bb overlay_strength=\u00a0\u00bb0.3&Prime; width=\u00a0\u00bb1\/1&Prime; tablet_width_inherit=\u00a0\u00bbdefault\u00a0\u00bb animation_type=\u00a0\u00bbdefault\u00a0\u00bb bg_image_animation=\u00a0\u00bbnone\u00a0\u00bb border_type=\u00a0\u00bbsimple\u00a0\u00bb column_border_width=\u00a0\u00bbnone\u00a0\u00bb column_border_style=\u00a0\u00bbsolid\u00a0\u00bb][vc_column_text css=\u00a0\u00bb\u00a0\u00bb text_direction=\u00a0\u00bbdefault\u00a0\u00bb]<h4><\/h4>\n<h3 class=\"wp-block-heading\">SuisseRando<\/h3>\n\n<p>Les <a href=\"https:\/\/www.neuchatelrando.ch\/wp-content\/uploads\/2020\/02\/Statuts_SuisseRando.pdf\" target=\"_blank\" rel=\"noopener noreferrer\">statuts<\/a> de l&rsquo;organisation fa\u00eeti\u00e8re SuisseRando.<\/p>\n\n<h4><\/h4>\n<h3 class=\"wp-block-heading\">Neuch\u00e2tel Rando<\/h3>\n\n<p>Les <a href=\"https:\/\/neuchatelrando.ch\/wp-content\/uploads\/2020\/11\/Neuchatel-Rando-Statuts.pdf\" target=\"_blank\" rel=\"noopener noreferrer\">statuts<\/a> de Neuch\u00e2tel Rando.<\/p>\n\n<h4><\/h4>\n<h3 class=\"wp-block-heading\">Rapports d\u2019exercice<\/h3>\n\n<p>Les rapports d&rsquo;exercice&nbsp; de Neuch\u00e2tel Rando vous informent du fonctionnement, des activit\u00e9s et des comptes.<\/p>\n<p><a href=\"https:\/\/neuchatelrando.ch\/wp-content\/uploads\/2024\/11\/Rappex-2023_NERando-V3.pdf\" target=\"_blank\" rel=\"noopener\">Rapport d&rsquo;exercice 2023<\/a><\/p>\n<p><a href=\"https:\/\/neuchatelrando.ch\/wp-content\/uploads\/2025\/06\/Rappex-2024_NERando_15.05.25.pdf\" target=\"_blank\" rel=\"noopener\">Rapport d&rsquo;exercice 2024<\/a><\/p>\n<p><a href=\"https:\/\/neuchatelrando.ch\/wp-content\/uploads\/2026\/03\/Rapport-dexercice-2025-Web.pdf\" target=\"_blank\" rel=\"noopener\">Rapport d&rsquo;exercice 2025<\/a><\/p>\n\n<h4><\/h4>\n<h3 class=\"wp-block-heading\">Loi f\u00e9d\u00e9rale sur les chemins pour pi\u00e9tons et randonn\u00e9e p\u00e9destre LCPR<\/h3>\n<p><a href=\"https:\/\/neuchatelrando.ch\/wp-content\/uploads\/2023\/05\/Loi-federale-sur-les-chemins-pour-pietions-et-les-chemins-de-randonnee-pedestre.pdf\" target=\"_blank\" rel=\"noopener noreferrer\">La Loi<\/a> a pour but l\u2019\u00e9tablissement des plans des r\u00e9seaux communicants de chemins pour pi\u00e9tons et de chemins de randonn\u00e9e p\u00e9destre, ainsi que l\u2019am\u00e9nagement et la conservation de ces r\u00e9seaux.<\/p>\n<!-- \/wp:post-content -->\n<h4><!-- wp:heading {\"level\":3} --><\/h4>\n<h3>Loi d&rsquo;introduction de la loi f\u00e9d\u00e9rale du canton de Neuch\u00e2tel<\/h3>\n<p><!-- \/wp:heading --><a href=\"https:\/\/www.neuchatelrando.ch\/wp-content\/uploads\/2020\/02\/7016_Loiintrod.pdf\" target=\"_blank\" rel=\"noopener noreferrer\">Loi d&rsquo;application<\/a> de la loi f\u00e9d\u00e9rale, <a href=\"https:\/\/www.neuchatelrando.ch\/wp-content\/uploads\/2020\/02\/Constitution_fed_CH_art88.pdf\" target=\"_blank\" rel=\"noopener noreferrer\">article 88 de la constitution<\/a>, pour le canton de Neuch\u00e2tel.<\/p>\n<!-- \/wp:paragraph -->\n<h4><!-- wp:heading {\"level\":3} --><\/h4>\n<h3>R\u00e8glement d&rsquo;ex\u00e9cution de la loi d&rsquo;introduction<\/h3>\n<!-- \/wp:heading -->\n<p><!-- wp:paragraph -->Ce <a href=\"https:\/\/www.neuchatelrando.ch\/wp-content\/uploads\/2020\/02\/70160_loi_execution.pdf\" target=\"_blank\" rel=\"noopener noreferrer\">r\u00e8glement<\/a> d\u00e9finit les comp\u00e9tences et les t\u00e2ches des diff\u00e9rents partenaires.<\/p>\n<!-- \/wp:paragraph -->\n<h4><!-- wp:heading {\"level\":3} --><\/h4>\n<h3>Convention entre l&rsquo;Etat de Neuch\u00e2tel et Neuch\u00e2tel Rando<\/h3>\n<!-- \/wp:heading -->\n<p><!-- wp:paragraph -->La <a href=\"https:\/\/neuchatelrando.ch\/wp-content\/uploads\/2024\/11\/Convention-Etat-Ne-NeRando-2024.pdf\">convention du 29 septembre 2024<\/a> r\u00e8gle la prestation de Neuch\u00e2tel Rando pour la planification du r\u00e9seau des chemins p\u00e9destres, du balisage et de l&rsquo;entretien hors sol.<\/p>\n<h4><!-- \/wp:paragraph --><\/h4>\n<p>&nbsp;<\/p>[\/vc_column_text][\/vc_column][\/vc_row]","protected":false},"excerpt":{"rendered":"<p>[vc_row type=\u00a0\u00bbfull_width_background\u00a0\u00bb full_screen_row_position=\u00a0\u00bbmiddle\u00a0\u00bb column_margin=\u00a0\u00bbdefault\u00a0\u00bb column_direction=\u00a0\u00bbdefault\u00a0\u00bb column_direction_tablet=\u00a0\u00bbdefault\u00a0\u00bb column_direction_phone=\u00a0\u00bbdefault\u00a0\u00bb bg_image=\u00a0\u00bb989&Prime; bg_image_type=\u00a0\u00bbdefault\u00a0\u00bb bg_position=\u00a0\u00bbcenter center\u00a0\u00bb background_image_loading=\u00a0\u00bbdefault\u00a0\u00bb bg_repeat=\u00a0\u00bbno-repeat\u00a0\u00bb scene_position=\u00a0\u00bbcenter\u00a0\u00bb top_padding=\u00a0\u00bb20%\u00a0\u00bb text_color=\u00a0\u00bbdark\u00a0\u00bb text_align=\u00a0\u00bbleft\u00a0\u00bb row_border_radius=\u00a0\u00bbnone\u00a0\u00bb row_border_radius_applies=\u00a0\u00bbbg\u00a0\u00bb row_position_desktop=\u00a0\u00bbdefault\u00a0\u00bb row_position_tablet=\u00a0\u00bbinherit\u00a0\u00bb row_position_phone=\u00a0\u00bbinherit\u00a0\u00bb overflow=\u00a0\u00bbvisible\u00a0\u00bb id=\u00a0\u00bbglobal-header\u00a0\u00bb overlay_strength=\u00a0\u00bb0.3&Prime; gradient_direction=\u00a0\u00bbleft_to_right\u00a0\u00bb shape_divider_position=\u00a0\u00bbbottom\u00a0\u00bb bg_image_animation=\u00a0\u00bbzoom-out-slow\u00a0\u00bb shape_type=\u00a0\u00bb\u00a0\u00bb][vc_column column_padding=\u00a0\u00bbno-extra-padding\u00a0\u00bb&#8230;<\/p>\n","protected":false},"author":10,"featured_media":0,"parent":0,"menu_order":62,"comment_status":"closed","ping_status":"closed","template":"","meta":{"_acf_changed":false,"footnotes":""},"wf_page_folders":[],"class_list":["post-558","page","type-page","status-publish"],"acf":[],"yoast_head":"<!-- This site is optimized with the Yoast SEO plugin v27.3 - https:\/\/yoast.com\/product\/yoast-seo-wordpress\/ -->\n<title>Statuts et documents - Neuch\u00e2tel Rando<\/title>\n<meta name=\"robots\" content=\"index, follow, max-snippet:-1, max-image-preview:large, max-video-preview:-1\" \/>\n<link rel=\"canonical\" href=\"https:\/\/neuchatelrando.ch\/fr\/statuts-et-documents\/\" \/>\n<meta property=\"og:locale\" content=\"fr_FR\" \/>\n<meta property=\"og:type\" content=\"article\" \/>\n<meta property=\"og:title\" content=\"Statuts et documents - Neuch\u00e2tel Rando\" \/>\n<meta property=\"og:description\" content=\"[vc_row type=\u00a0\u00bbfull_width_background\u00a0\u00bb full_screen_row_position=\u00a0\u00bbmiddle\u00a0\u00bb column_margin=\u00a0\u00bbdefault\u00a0\u00bb column_direction=\u00a0\u00bbdefault\u00a0\u00bb column_direction_tablet=\u00a0\u00bbdefault\u00a0\u00bb column_direction_phone=\u00a0\u00bbdefault\u00a0\u00bb bg_image=\u00a0\u00bb989&Prime; bg_image_type=\u00a0\u00bbdefault\u00a0\u00bb bg_position=\u00a0\u00bbcenter center\u00a0\u00bb background_image_loading=\u00a0\u00bbdefault\u00a0\u00bb bg_repeat=\u00a0\u00bbno-repeat\u00a0\u00bb scene_position=\u00a0\u00bbcenter\u00a0\u00bb top_padding=\u00a0\u00bb20%\u00a0\u00bb text_color=\u00a0\u00bbdark\u00a0\u00bb text_align=\u00a0\u00bbleft\u00a0\u00bb row_border_radius=\u00a0\u00bbnone\u00a0\u00bb row_border_radius_applies=\u00a0\u00bbbg\u00a0\u00bb row_position_desktop=\u00a0\u00bbdefault\u00a0\u00bb row_position_tablet=\u00a0\u00bbinherit\u00a0\u00bb row_position_phone=\u00a0\u00bbinherit\u00a0\u00bb overflow=\u00a0\u00bbvisible\u00a0\u00bb id=\u00a0\u00bbglobal-header\u00a0\u00bb overlay_strength=\u00a0\u00bb0.3&Prime; gradient_direction=\u00a0\u00bbleft_to_right\u00a0\u00bb shape_divider_position=\u00a0\u00bbbottom\u00a0\u00bb bg_image_animation=\u00a0\u00bbzoom-out-slow\u00a0\u00bb shape_type=\u00a0\u00bb\u00a0\u00bb][vc_column column_padding=\u00a0\u00bbno-extra-padding\u00a0\u00bb...\" \/>\n<meta property=\"og:url\" content=\"https:\/\/neuchatelrando.ch\/fr\/statuts-et-documents\/\" \/>\n<meta property=\"og:site_name\" content=\"Neuch\u00e2tel Rando\" \/>\n<meta property=\"article:publisher\" content=\"https:\/\/www.facebook.com\/NeuchatelRando\/\" \/>\n<meta property=\"article:modified_time\" content=\"2026-03-18T16:19:02+00:00\" \/>\n<meta name=\"twitter:card\" content=\"summary_large_image\" \/>\n<meta name=\"twitter:label1\" content=\"Dur\u00e9e de lecture estim\u00e9e\" \/>\n\t<meta name=\"twitter:data1\" content=\"1 minute\" \/>\n<script type=\"application\/ld+json\" class=\"yoast-schema-graph\">{\"@context\":\"https:\\\/\\\/schema.org\",\"@graph\":[{\"@type\":\"WebPage\",\"@id\":\"https:\\\/\\\/neuchatelrando.ch\\\/fr\\\/statuts-et-documents\\\/\",\"url\":\"https:\\\/\\\/neuchatelrando.ch\\\/fr\\\/statuts-et-documents\\\/\",\"name\":\"Statuts et documents - Neuch\u00e2tel Rando\",\"isPartOf\":{\"@id\":\"https:\\\/\\\/neuchatelrando.ch\\\/fr\\\/#website\"},\"datePublished\":\"2020-02-04T13:00:01+00:00\",\"dateModified\":\"2026-03-18T16:19:02+00:00\",\"breadcrumb\":{\"@id\":\"https:\\\/\\\/neuchatelrando.ch\\\/fr\\\/statuts-et-documents\\\/#breadcrumb\"},\"inLanguage\":\"fr-FR\",\"potentialAction\":[{\"@type\":\"ReadAction\",\"target\":[\"https:\\\/\\\/neuchatelrando.ch\\\/fr\\\/statuts-et-documents\\\/\"]}]},{\"@type\":\"BreadcrumbList\",\"@id\":\"https:\\\/\\\/neuchatelrando.ch\\\/fr\\\/statuts-et-documents\\\/#breadcrumb\",\"itemListElement\":[{\"@type\":\"ListItem\",\"position\":1,\"name\":\"Accueil\",\"item\":\"https:\\\/\\\/neuchatelrando.ch\\\/fr\\\/\"},{\"@type\":\"ListItem\",\"position\":2,\"name\":\"Statuts et documents\"}]},{\"@type\":\"WebSite\",\"@id\":\"https:\\\/\\\/neuchatelrando.ch\\\/fr\\\/#website\",\"url\":\"https:\\\/\\\/neuchatelrando.ch\\\/fr\\\/\",\"name\":\"Neuch\u00e2tel Rando\",\"description\":\"Randonn\u00e9es p\u00e9destres en Pays de Neuch\u00e2tel\",\"publisher\":{\"@id\":\"https:\\\/\\\/neuchatelrando.ch\\\/fr\\\/#organization\"},\"potentialAction\":[{\"@type\":\"SearchAction\",\"target\":{\"@type\":\"EntryPoint\",\"urlTemplate\":\"https:\\\/\\\/neuchatelrando.ch\\\/fr\\\/?s={search_term_string}\"},\"query-input\":{\"@type\":\"PropertyValueSpecification\",\"valueRequired\":true,\"valueName\":\"search_term_string\"}}],\"inLanguage\":\"fr-FR\"},{\"@type\":\"Organization\",\"@id\":\"https:\\\/\\\/neuchatelrando.ch\\\/fr\\\/#organization\",\"name\":\"Neuch\u00e2tel Rando\",\"url\":\"https:\\\/\\\/neuchatelrando.ch\\\/fr\\\/\",\"logo\":{\"@type\":\"ImageObject\",\"inLanguage\":\"fr-FR\",\"@id\":\"https:\\\/\\\/neuchatelrando.ch\\\/fr\\\/#\\\/schema\\\/logo\\\/image\\\/\",\"url\":\"https:\\\/\\\/neuchatelrando.ch\\\/wp-content\\\/uploads\\\/2020\\\/02\\\/neuchatelrando-logo.svg\",\"contentUrl\":\"https:\\\/\\\/neuchatelrando.ch\\\/wp-content\\\/uploads\\\/2020\\\/02\\\/neuchatelrando-logo.svg\",\"width\":1,\"height\":1,\"caption\":\"Neuch\u00e2tel Rando\"},\"image\":{\"@id\":\"https:\\\/\\\/neuchatelrando.ch\\\/fr\\\/#\\\/schema\\\/logo\\\/image\\\/\"},\"sameAs\":[\"https:\\\/\\\/www.facebook.com\\\/NeuchatelRando\\\/\",\"https:\\\/\\\/www.instagram.com\\\/neuchatel.rando\\\/\"]}]}<\/script>\n<!-- \/ Yoast SEO plugin. -->","yoast_head_json":{"title":"Statuts et documents - Neuch\u00e2tel Rando","robots":{"index":"index","follow":"follow","max-snippet":"max-snippet:-1","max-image-preview":"max-image-preview:large","max-video-preview":"max-video-preview:-1"},"canonical":"https:\/\/neuchatelrando.ch\/fr\/statuts-et-documents\/","og_locale":"fr_FR","og_type":"article","og_title":"Statuts et documents - Neuch\u00e2tel Rando","og_description":"[vc_row type=\u00a0\u00bbfull_width_background\u00a0\u00bb full_screen_row_position=\u00a0\u00bbmiddle\u00a0\u00bb column_margin=\u00a0\u00bbdefault\u00a0\u00bb column_direction=\u00a0\u00bbdefault\u00a0\u00bb column_direction_tablet=\u00a0\u00bbdefault\u00a0\u00bb column_direction_phone=\u00a0\u00bbdefault\u00a0\u00bb bg_image=\u00a0\u00bb989&Prime; bg_image_type=\u00a0\u00bbdefault\u00a0\u00bb bg_position=\u00a0\u00bbcenter center\u00a0\u00bb background_image_loading=\u00a0\u00bbdefault\u00a0\u00bb bg_repeat=\u00a0\u00bbno-repeat\u00a0\u00bb scene_position=\u00a0\u00bbcenter\u00a0\u00bb top_padding=\u00a0\u00bb20%\u00a0\u00bb text_color=\u00a0\u00bbdark\u00a0\u00bb text_align=\u00a0\u00bbleft\u00a0\u00bb row_border_radius=\u00a0\u00bbnone\u00a0\u00bb row_border_radius_applies=\u00a0\u00bbbg\u00a0\u00bb row_position_desktop=\u00a0\u00bbdefault\u00a0\u00bb row_position_tablet=\u00a0\u00bbinherit\u00a0\u00bb row_position_phone=\u00a0\u00bbinherit\u00a0\u00bb overflow=\u00a0\u00bbvisible\u00a0\u00bb id=\u00a0\u00bbglobal-header\u00a0\u00bb overlay_strength=\u00a0\u00bb0.3&Prime; gradient_direction=\u00a0\u00bbleft_to_right\u00a0\u00bb shape_divider_position=\u00a0\u00bbbottom\u00a0\u00bb bg_image_animation=\u00a0\u00bbzoom-out-slow\u00a0\u00bb shape_type=\u00a0\u00bb\u00a0\u00bb][vc_column column_padding=\u00a0\u00bbno-extra-padding\u00a0\u00bb...","og_url":"https:\/\/neuchatelrando.ch\/fr\/statuts-et-documents\/","og_site_name":"Neuch\u00e2tel Rando","article_publisher":"https:\/\/www.facebook.com\/NeuchatelRando\/","article_modified_time":"2026-03-18T16:19:02+00:00","twitter_card":"summary_large_image","twitter_misc":{"Dur\u00e9e de lecture estim\u00e9e":"1 minute"},"schema":{"@context":"https:\/\/schema.org","@graph":[{"@type":"WebPage","@id":"https:\/\/neuchatelrando.ch\/fr\/statuts-et-documents\/","url":"https:\/\/neuchatelrando.ch\/fr\/statuts-et-documents\/","name":"Statuts et documents - Neuch\u00e2tel Rando","isPartOf":{"@id":"https:\/\/neuchatelrando.ch\/fr\/#website"},"datePublished":"2020-02-04T13:00:01+00:00","dateModified":"2026-03-18T16:19:02+00:00","breadcrumb":{"@id":"https:\/\/neuchatelrando.ch\/fr\/statuts-et-documents\/#breadcrumb"},"inLanguage":"fr-FR","potentialAction":[{"@type":"ReadAction","target":["https:\/\/neuchatelrando.ch\/fr\/statuts-et-documents\/"]}]},{"@type":"BreadcrumbList","@id":"https:\/\/neuchatelrando.ch\/fr\/statuts-et-documents\/#breadcrumb","itemListElement":[{"@type":"ListItem","position":1,"name":"Accueil","item":"https:\/\/neuchatelrando.ch\/fr\/"},{"@type":"ListItem","position":2,"name":"Statuts et documents"}]},{"@type":"WebSite","@id":"https:\/\/neuchatelrando.ch\/fr\/#website","url":"https:\/\/neuchatelrando.ch\/fr\/","name":"Neuch\u00e2tel Rando","description":"Randonn\u00e9es p\u00e9destres en Pays de Neuch\u00e2tel","publisher":{"@id":"https:\/\/neuchatelrando.ch\/fr\/#organization"},"potentialAction":[{"@type":"SearchAction","target":{"@type":"EntryPoint","urlTemplate":"https:\/\/neuchatelrando.ch\/fr\/?s={search_term_string}"},"query-input":{"@type":"PropertyValueSpecification","valueRequired":true,"valueName":"search_term_string"}}],"inLanguage":"fr-FR"},{"@type":"Organization","@id":"https:\/\/neuchatelrando.ch\/fr\/#organization","name":"Neuch\u00e2tel Rando","url":"https:\/\/neuchatelrando.ch\/fr\/","logo":{"@type":"ImageObject","inLanguage":"fr-FR","@id":"https:\/\/neuchatelrando.ch\/fr\/#\/schema\/logo\/image\/","url":"https:\/\/neuchatelrando.ch\/wp-content\/uploads\/2020\/02\/neuchatelrando-logo.svg","contentUrl":"https:\/\/neuchatelrando.ch\/wp-content\/uploads\/2020\/02\/neuchatelrando-logo.svg","width":1,"height":1,"caption":"Neuch\u00e2tel Rando"},"image":{"@id":"https:\/\/neuchatelrando.ch\/fr\/#\/schema\/logo\/image\/"},"sameAs":["https:\/\/www.facebook.com\/NeuchatelRando\/","https:\/\/www.instagram.com\/neuchatel.rando\/"]}]}},"_links":{"self":[{"href":"https:\/\/neuchatelrando.ch\/fr\/wp-json\/wp\/v2\/pages\/558","targetHints":{"allow":["GET"]}}],"collection":[{"href":"https:\/\/neuchatelrando.ch\/fr\/wp-json\/wp\/v2\/pages"}],"about":[{"href":"https:\/\/neuchatelrando.ch\/fr\/wp-json\/wp\/v2\/types\/page"}],"author":[{"embeddable":true,"href":"https:\/\/neuchatelrando.ch\/fr\/wp-json\/wp\/v2\/users\/10"}],"replies":[{"embeddable":true,"href":"https:\/\/neuchatelrando.ch\/fr\/wp-json\/wp\/v2\/comments?post=558"}],"version-history":[{"count":5,"href":"https:\/\/neuchatelrando.ch\/fr\/wp-json\/wp\/v2\/pages\/558\/revisions"}],"predecessor-version":[{"id":8950,"href":"https:\/\/neuchatelrando.ch\/fr\/wp-json\/wp\/v2\/pages\/558\/revisions\/8950"}],"wp:attachment":[{"href":"https:\/\/neuchatelrando.ch\/fr\/wp-json\/wp\/v2\/media?parent=558"}],"wp:term":[{"taxonomy":"wf_page_folders","embeddable":true,"href":"https:\/\/neuchatelrando.ch\/fr\/wp-json\/wp\/v2\/wf_page_folders?post=558"}],"curies":[{"name":"wp","href":"https:\/\/api.w.org\/{rel}","templated":true}]}}